{"id":3,"date":"2024-07-15T15:30:46","date_gmt":"2024-07-15T12:30:46","guid":{"rendered":"https:\/\/baglantiuzmani.net\/?page_id=3"},"modified":"2024-11-30T00:23:42","modified_gmt":"2024-11-29T21:23:42","slug":"gizlilik-ilkesi","status":"publish","type":"page","link":"https:\/\/baglantiuzmani.net\/index.php\/gizlilik-ilkesi\/","title":{"rendered":"Gizlilik Politikas\u0131"},"content":{"rendered":"<p>Sitemizde kullan\u0131c\u0131 gizlili\u011fi \u00f6n plandad\u0131r. Herhangi bir ki\u015fisel veri toplamaz, saklamaz veya \u00fc\u00e7\u00fcnc\u00fc taraflarla payla\u015fmay\u0131z. Ziyaret\u00e7ilerimizin g\u00fcvenli\u011fi ve gizlili\u011fi bizim i\u00e7in \u00f6nemlidir.<\/p>\n","protected":false},"excerpt":{"rendered":"<p>Sitemizde kullan\u0131c\u0131 gizlili\u011fi \u00f6n plandad\u0131r. Herhangi bir ki\u015fisel veri toplamaz, saklamaz veya \u00fc\u00e7\u00fcnc\u00fc taraflarla payla\u015fmay\u0131z. Ziyaret\u00e7ilerimizin g\u00fcvenli\u011fi ve gizlili\u011fi bizim i\u00e7in \u00f6nemlidir.<\/p>\n","protected":false},"author":1,"featured_media":0,"parent":0,"menu_order":0,"comment_status":"closed","ping_status":"open","template":"wp-custom-template-zel-erik-1","meta":{"_themeisle_gutenberg_block_has_review":false,"footnotes":""},"class_list":["post-3","page","type-page","status-publish","hentry"],"_links":{"self":[{"href":"https:\/\/baglantiuzmani.net\/index.php\/wp-json\/wp\/v2\/pages\/3","targetHints":{"allow":["GET"]}}],"collection":[{"href":"https:\/\/baglantiuzmani.net\/index.php\/wp-json\/wp\/v2\/pages"}],"about":[{"href":"https:\/\/baglantiuzmani.net\/index.php\/wp-json\/wp\/v2\/types\/page"}],"author":[{"embeddable":true,"href":"https:\/\/baglantiuzmani.net\/index.php\/wp-json\/wp\/v2\/users\/1"}],"replies":[{"embeddable":true,"href":"https:\/\/baglantiuzmani.net\/index.php\/wp-json\/wp\/v2\/comments?post=3"}],"version-history":[{"count":4,"href":"https:\/\/baglantiuzmani.net\/index.php\/wp-json\/wp\/v2\/pages\/3\/revisions"}],"predecessor-version":[{"id":565,"href":"https:\/\/baglantiuzmani.net\/index.php\/wp-json\/wp\/v2\/pages\/3\/revisions\/565"}],"wp:attachment":[{"href":"https:\/\/baglantiuzmani.net\/index.php\/wp-json\/wp\/v2\/media?parent=3"}],"curies":[{"name":"wp","href":"https:\/\/api.w.org\/{rel}","templated":true}]}}