{"id":43,"date":"2024-07-15T16:01:00","date_gmt":"2024-07-15T13:01:00","guid":{"rendered":"https:\/\/baglantiuzmani.net\/?page_id=43"},"modified":"2024-10-11T21:16:56","modified_gmt":"2024-10-11T18:16:56","slug":"iss-altyapi-sorgulama","status":"publish","type":"page","link":"https:\/\/baglantiuzmani.net\/index.php\/iss-altyapi-sorgulama\/","title":{"rendered":"\u0130SS Altyap\u0131 Sorgulama"},"content":{"rendered":"<p><center><\/p>\n<h3>Her servis sa\u011flay\u0131c\u0131n\u0131n sorgu sayfas\u0131na kolayca gidebilirsiniz. Unutmay\u0131n ADSL\/VDSL altyap\u0131larda sunulan h\u0131zlar tahminidir. Kesin sonu\u00e7lar de\u011fildir. Di\u011fer \u0130nternet Servis Sa\u011flay\u0131c\u0131lar\u0131n\u0131n sorgu sayfalar\u0131 da zamanla eklenecektir.<\/h3>\n<p><center><\/p>\n<div class=\"logolar-tablo\">\n    <a href=\"https:\/\/onlineislemler.turktelekom.com.tr\/boim\/bohm-misafir-fiber-sorgulama.jsp\" target=\"_blank\" rel=\"noopener\"><br \/>\n        <img loading=\"lazy\" decoding=\"async\" class=\"size-medium wp-image-300\" src=\"https:\/\/baglantiuzmani.net\/wp-content\/uploads\/2024\/07\/logo-turktelekom.png\" alt=\"T\u00fcrk Telekom\" width=\"300\" height=\"102\" \/><br \/>\n    <\/a><br \/>\n    <a href=\"https:\/\/www.superonline.net\/yardim\/musteri-islemleri\/abonelik-surecleri\/altyapi-sorgulama\" target=\"_blank\" rel=\"noopener\"><br \/>\n        <img loading=\"lazy\" decoding=\"async\" class=\"size-full wp-image-304\" src=\"https:\/\/baglantiuzmani.net\/wp-content\/uploads\/2024\/07\/logo-superonline.png\" alt=\"Superonline\" width=\"301\" height=\"88\" \/><br \/>\n    <\/a><br \/>\n    <a href=\"https:\/\/www.vodafone.com.tr\/altyapi-sorgulama\" target=\"_blank\" rel=\"noopener\"><br \/>\n        <img loading=\"lazy\" decoding=\"async\" class=\"size-medium wp-image-306\" src=\"https:\/\/baglantiuzmani.net\/wp-content\/uploads\/2024\/07\/logo-vodafonenet.png\" alt=\"Vodafone\" width=\"300\" height=\"80\" \/><br \/>\n    <\/a><br \/>\n    <a href=\"https:\/\/www.turksatkablonet.com\/altyapi-sorgulama\" target=\"_blank\" rel=\"noopener\"><br \/>\n        <img loading=\"lazy\" decoding=\"async\" class=\"wp-image-305\" src=\"https:\/\/baglantiuzmani.net\/wp-content\/uploads\/2024\/07\/logo-turksatkablo.svg\" alt=\"T\u00fcrksat Kablo\" width=\"295\" height=\"147\" \/><br \/>\n    <\/a><br \/>\n    <a href=\"https:\/\/turk.net\/internet-hiz-altyapi-sorgulama\" target=\"_blank\" rel=\"noopener\"><br \/>\n        <img loading=\"lazy\" decoding=\"async\" class=\"size-medium wp-image-83\" src=\"https:\/\/baglantiuzmani.net\/wp-content\/uploads\/2024\/07\/logo-turknet.png\" alt=\"TurkNet\" width=\"300\" height=\"86\" \/><br \/>\n    <\/a><br \/>\n    <a href=\"https:\/\/www.dsmart.com.tr\/internet-altyapi-sorgulama\" target=\"_blank\" rel=\"noopener\"><br \/>\n        <img loading=\"lazy\" decoding=\"async\" class=\"size-medium wp-image-302\" src=\"https:\/\/baglantiuzmani.net\/wp-content\/uploads\/2024\/07\/logo-dsmart.png\" alt=\"D-Smart\" width=\"300\" height=\"34\" \/><br \/>\n    <\/a><br \/>\n    <a href=\"https:\/\/www.milleni.com.tr\/internet-altyapi-sorgulama\" target=\"_blank\" rel=\"noopener\"><br \/>\n        <img loading=\"lazy\" decoding=\"async\" class=\"size-medium wp-image-303\" src=\"https:\/\/baglantiuzmani.net\/wp-content\/uploads\/2024\/07\/logo-millenicom.png\" alt=\"Milleni\" width=\"300\" height=\"47\" \/><br \/>\n    <\/a><br \/>\n    <a href=\"https:\/\/www.comnet.com.tr\/altyapi-sorgulama\" target=\"_blank\" rel=\"noopener\"><br \/>\n        <img loading=\"lazy\" decoding=\"async\" class=\"size-full wp-image-301\" src=\"https:\/\/baglantiuzmani.net\/wp-content\/uploads\/2024\/07\/logo-comnet.png\" alt=\"Comnet\" width=\"300\" height=\"84\" \/><br \/>\n    <\/a><br \/>\n    <a href=\"https:\/\/atlantisnet.com.tr\/fiber-internet-altyapi-sorgulama\/\" target=\"_blank\" rel=\"noopener\"><br \/>\n        <img loading=\"lazy\" decoding=\"async\" class=\"size-medium wp-image-438\" src=\"https:\/\/baglantiuzmani.net\/wp-content\/uploads\/2024\/07\/logo-atlantisnet.png\" alt=\"AtlantisNet\" width=\"300\" height=\"84\" \/><br \/>\n    <\/a><br \/>\n    <a href=\"https:\/\/www.netspeed.com.tr\/altyapi-sorgula\" target=\"_blank\" rel=\"noopener\"><br \/>\n        <img loading=\"lazy\" decoding=\"async\" class=\"size-medium wp-image-81\" src=\"https:\/\/baglantiuzmani.net\/wp-content\/uploads\/2024\/07\/logo-netspeed.png\" alt=\"NetSpeed\" width=\"300\" height=\"60\" \/><br \/>\n    <\/a><br \/>\n    <a href=\"https:\/\/www.netinternet.com.tr\/altyapi-sorgula\" target=\"_blank\" rel=\"noopener\"><br \/>\n        <img loading=\"lazy\" decoding=\"async\" class=\"wp-image-307\" src=\"https:\/\/baglantiuzmani.net\/wp-content\/uploads\/2024\/07\/logo-netinternet.svg\" alt=\"Netinternet\" width=\"302\" height=\"51\" \/><br \/>\n    <\/a><br \/>\n    <a href=\"https:\/\/gibir.net.tr\/gibirnet-alt-yapi-sorgulama\" target=\"_blank\" rel=\"noopener\"><br \/>\n        <img loading=\"lazy\" decoding=\"async\" class=\"size-medium wp-image-309\" src=\"https:\/\/baglantiuzmani.net\/wp-content\/uploads\/2024\/07\/logo-gibirnet.png\" alt=\"GibirNet\" width=\"300\" height=\"97\" \/><br \/>\n    <\/a><br \/>\n    <a href=\"https:\/\/www.extranet.com.tr\/altyapi-sorgulama\" target=\"_blank\" rel=\"noopener\"><br \/>\n        <img loading=\"lazy\" decoding=\"async\" class=\"size-medium wp-image-310\" src=\"https:\/\/baglantiuzmani.net\/wp-content\/uploads\/2024\/07\/logo-extranet.png\" alt=\"Extranet\" width=\"300\" height=\"167\" \/><br \/>\n    <\/a><br \/>\n    <a href=\"https:\/\/internetkutusu.com.tr\/altyapi-sorgula\" target=\"_blank\" rel=\"noopener\"><br \/>\n        <img loading=\"lazy\" decoding=\"async\" class=\"size-medium wp-image-337\" src=\"https:\/\/baglantiuzmani.net\/wp-content\/uploads\/2024\/07\/logo-internet-kutusu.png\" alt=\"Internet Kutusu\" width=\"300\" height=\"167\" \/><br \/>\n    <\/a>\n<\/div>\n<style>\n.logolar-tablo {\n    display: grid;\n    grid-template-columns: repeat(3, 1fr); \/* 3 s\u00fctun *\/\n    gap: 5px; \/* H\u00fccreler aras\u0131ndaki bo\u015fluk, daha k\u00fc\u00e7\u00fck bir de\u011fer *\/\n    justify-content: center; \/* Tabloyu ortalar *\/\n    margin: 20px auto; \/* \u00dcst ve alt margin, otomatik yatay ortalama *\/\n    max-width: 1000px; \/* Tablo geni\u015fli\u011fini s\u0131n\u0131rlama *\/\n}<\/p>\n<p>.logolar-tablo a {\n    display: flex;\n    justify-content: center; \/* Resimleri yatayda ortalar *\/\n    align-items: center; \/* Resimleri dikeyde ortalar *\/\n    text-align: center;\n    padding: 5px; \/* Her h\u00fccreye k\u00fc\u00e7\u00fck bir i\u00e7 bo\u015fluk ekler *\/\n    box-sizing: border-box; \/* Padding'in i\u00e7 alan\u0131 etkilemesini sa\u011flar *\/\n}<\/p>\n<p>.logolar-tablo img {\n    max-width: 100%; \/* Resmin geni\u015fli\u011fini h\u00fccreye uydurur *\/\n    height: auto; \/* Y\u00fcksekli\u011fi otomatik ayarlar *\/\n    display: block; \/* Resmin alt\u0131ndaki bo\u015flu\u011fu kald\u0131r\u0131r *\/\n}<\/p>\n<\/style>\n","protected":false},"excerpt":{"rendered":"<p>Her servis sa\u011flay\u0131c\u0131n\u0131n sorgu sayfas\u0131na kolayca gidebilirsiniz. Unutmay\u0131n ADSL\/VDSL altyap\u0131larda sunulan h\u0131zlar tahminidir. Kesin sonu\u00e7lar de\u011fildir. Di\u011fer \u0130nternet Servis Sa\u011flay\u0131c\u0131lar\u0131n\u0131n sorgu sayfalar\u0131 da zamanla eklenecektir.<\/p>\n","protected":false},"author":1,"featured_media":0,"parent":0,"menu_order":0,"comment_status":"closed","ping_status":"closed","template":"template-plain","meta":{"_themeisle_gutenberg_block_has_review":false,"footnotes":""},"class_list":["post-43","page","type-page","status-publish","hentry"],"_links":{"self":[{"href":"https:\/\/baglantiuzmani.net\/index.php\/wp-json\/wp\/v2\/pages\/43","targetHints":{"allow":["GET"]}}],"collection":[{"href":"https:\/\/baglantiuzmani.net\/index.php\/wp-json\/wp\/v2\/pages"}],"about":[{"href":"https:\/\/baglantiuzmani.net\/index.php\/wp-json\/wp\/v2\/types\/page"}],"author":[{"embeddable":true,"href":"https:\/\/baglantiuzmani.net\/index.php\/wp-json\/wp\/v2\/users\/1"}],"replies":[{"embeddable":true,"href":"https:\/\/baglantiuzmani.net\/index.php\/wp-json\/wp\/v2\/comments?post=43"}],"version-history":[{"count":21,"href":"https:\/\/baglantiuzmani.net\/index.php\/wp-json\/wp\/v2\/pages\/43\/revisions"}],"predecessor-version":[{"id":440,"href":"https:\/\/baglantiuzmani.net\/index.php\/wp-json\/wp\/v2\/pages\/43\/revisions\/440"}],"wp:attachment":[{"href":"https:\/\/baglantiuzmani.net\/index.php\/wp-json\/wp\/v2\/media?parent=43"}],"curies":[{"name":"wp","href":"https:\/\/api.w.org\/{rel}","templated":true}]}}